{"id":18053,"date":"2020-02-26T19:25:29","date_gmt":"2020-02-26T22:25:29","guid":{"rendered":"https:\/\/gpsites.co\/service\/?page_id=18053"},"modified":"2023-09-09T12:03:28","modified_gmt":"2023-09-09T15:03:28","slug":"about","status":"publish","type":"page","link":"https:\/\/depisegura.com\/index.php\/about\/","title":{"rendered":"Nosotros"},"content":{"rendered":"<div class=\"gb-container gb-container-470dd93a\">\n<div class=\"gb-container gb-container-759163a9\">\n<h2 class=\"gb-headline gb-headline-0868c07a gb-headline-text\">Nuestro equipo<\/h2>\n\n<p>En nuestro consultorio estamos comprometidos a proporcionar los mejores tratamientos y soluciones dermatol\u00f3gicas.<\/p>\n\n<p>Nuestra especialista en dermatologia trabaja de la mano con esteticistas y personal de apoyo, colaborando en conjunto para ofrecer resultados \u00fanicos. Valoramos la confianza y la relaci\u00f3n de largo plazo con nuestros pacientes, y nos esforzamos por superar sus expectativas en cada visita.<\/p>\n\n<p>Ya sea que busques tratamientos para el acn\u00e9, envejecimiento cut\u00e1neo, problemas de pigmentaci\u00f3n o cualquier otra preocupaci\u00f3n dermatol\u00f3gica, nuestro equipo est\u00e1 aqu\u00ed para escucharte, evaluar tus necesidades individuales y dise\u00f1ar un plan de tratamiento personalizado.<\/p>\n<\/div>\n\n<div class=\"gb-container gb-container-1e9428de\">\n<figure class=\"gb-block-image gb-block-image-8cf78ae1\"><img loading=\"lazy\" decoding=\"async\" width=\"728\" height=\"647\" class=\"gb-image gb-image-8cf78ae1 image-shadow img\" src=\"https:\/\/depisegura.com\/wp-content\/uploads\/2023\/05\/5.jpg\" alt=\"\" title=\"5\" srcset=\"https:\/\/depisegura.com\/wp-content\/uploads\/2023\/05\/5.jpg 728w, https:\/\/depisegura.com\/wp-content\/uploads\/2023\/05\/5-300x267.jpg 300w, https:\/\/depisegura.com\/wp-content\/uploads\/2023\/05\/5-600x533.jpg 600w\" sizes=\"(max-width: 728px) 100vw, 728px\" \/><\/figure>\n<\/div>\n<\/div><div class=\"gb-container gb-container-7e66e581\">\n<div class=\"gb-container gb-container-20a2cd21\">\n<h2 class=\"gb-headline gb-headline-bc7ff852 gb-headline-text\">Dra Cintia Carreras<\/h2>\n\n<p>La Dra. Cintia Mar\u00eda de los \u00c1ngeles Carreras es una destacada Especialista en Dermatolog\u00eda con una amplia y s\u00f3lida formaci\u00f3n en el campo. Sus logros acad\u00e9micos incluyen:<\/p>\n\n<ul class=\"wp-block-list\"><li><strong>Diplomatura en Psoriasis<\/strong>: Obtenida de la Sociedad Argentina de Psoriasis.<\/li>\n\n<li><strong>Diplomatura en Enfermedades Autoinflamatorias<\/strong>: Conferida por la Sociedad Argentina de Dermatolog\u00eda.<\/li>\n\n<li><strong>Especializaci\u00f3n en Tratamientos L\u00e1ser<\/strong>: Completada a trav\u00e9s de la Sociedad Argentina de Dermatolog\u00eda.<\/li>\n\n<li><strong>Posgrado en Medicina Est\u00e9tica y Reparadora<\/strong>: Otorgado por la Asociaci\u00f3n Internacional de Cl\u00ednica Est\u00e9tica y Reparadora.<\/li>\n\n<li><strong>Posgrado en Dermatoscop\u00eda<\/strong>: Realizado en la Universidad Nacional de Buenos Aires.<\/li><\/ul>\n<\/div>\n\n<div class=\"gb-container gb-container-6df3ef07\">\n<figure class=\"gb-block-image gb-block-image-3aee7b7a\"><img loading=\"lazy\" decoding=\"async\" width=\"1080\" height=\"1080\" class=\"gb-image gb-image-3aee7b7a image-shadow img\" src=\"https:\/\/depisegura.com\/wp-content\/uploads\/2023\/05\/cintia.jpg\" alt=\"Imagen ilustrativa de a Dra Carreras\" title=\"cintia\" srcset=\"https:\/\/depisegura.com\/wp-content\/uploads\/2023\/05\/cintia.jpg 1080w, https:\/\/depisegura.com\/wp-content\/uploads\/2023\/05\/cintia-300x300.jpg 300w, https:\/\/depisegura.com\/wp-content\/uploads\/2023\/05\/cintia-1024x1024.jpg 1024w, https:\/\/depisegura.com\/wp-content\/uploads\/2023\/05\/cintia-150x150.jpg 150w, https:\/\/depisegura.com\/wp-content\/uploads\/2023\/05\/cintia-768x768.jpg 768w, https:\/\/depisegura.com\/wp-content\/uploads\/2023\/05\/cintia-600x600.jpg 600w, https:\/\/depisegura.com\/wp-content\/uploads\/2023\/05\/cintia-100x100.jpg 100w\" sizes=\"(max-width: 1080px) 100vw, 1080px\" \/><\/figure>\n<\/div>\n<\/div><div class=\"gb-container gb-container-c29afeda\">\n<p>La Dra. Carreras inici\u00f3 su camino en la Facultad de Ciencias M\u00e9dicas de la Universidad Nacional de C\u00f3rdoba, donde obtuvo su t\u00edtulo de M\u00e9dica Cirujana. Posteriormente, adquiri\u00f3 experiencia en la especialidad de Cl\u00ednica M\u00e9dica durante tres a\u00f1os en el Hospital San Bernardo de la ciudad de Salta. Luego, accedi\u00f3 por concurso a la residencia de la Especialidad en Dermatolog\u00eda en la Universidad de Buenos Aires.<\/p>\n\n<p>Durante su residencia en el Policl\u00ednico Bancario de la Ciudad Aut\u00f3noma de Buenos Aires, desempe\u00f1\u00f3 un a\u00f1o como Jefa de Residentes, destacando su compromiso y liderazgo en el campo de la dermatolog\u00eda.<\/p>\n\n<p>La Dra. Carreras ha demostrado su dedicaci\u00f3n a la investigaci\u00f3n cient\u00edfica y la difusi\u00f3n de conocimientos en dermatolog\u00eda a trav\u00e9s de numerosas publicaciones y trabajos de investigaci\u00f3n. Adem\u00e1s, ha sido una ponente activa en congresos nacionales e internacionales, compartiendo sus valiosos conocimientos con la comunidad m\u00e9dica y acad\u00e9mica. Su compromiso con la excelencia en dermatolog\u00eda la convierte en una profesional destacada en su campo.<\/p>\n\n<div class=\"gb-container gb-container-04d9f200\">\n<a class=\"gb-button gb-button-1f1c643c\" href=\"info@iderma360.com\"><span class=\"gb-icon\"><svg xmlns=\"http:\/\/www.w3.org\/2000\/svg\" viewBox=\"0 0 512 512\" width=\"1em\" height=\"1em\" aria-hidden=\"true\"><path d=\"M464 64H48C21.49 64 0 85.49 0 112v288c0 26.51 21.49 48 48 48h416c26.51 0 48-21.49 48-48V112c0-26.51-21.49-48-48-48zm0 48v40.805c-22.422 18.259-58.168 46.651-134.587 106.49-16.841 13.247-50.201 45.072-73.413 44.701-23.208.375-56.579-31.459-73.413-44.701C106.18 199.465 70.425 171.067 48 152.805V112h416zM48 400V214.398c22.914 18.251 55.409 43.862 104.938 82.646 21.857 17.205 60.134 55.186 103.062 54.955 42.717.231 80.509-37.199 103.053-54.947 49.528-38.783 82.032-64.401 104.947-82.653V400H48z\" fill=\"currentColor\"><\/path><\/svg><\/span><\/a>\n\n<a class=\"gb-button gb-button-4c965ece\" href=\"https:\/\/ar.linkedin.com\/in\/dracintiacarreras\"><span class=\"gb-icon\"><svg xmlns=\"http:\/\/www.w3.org\/2000\/svg\" viewBox=\"0 0 448 512\" width=\"1em\" height=\"1em\" aria-hidden=\"true\"><path d=\"M100.28 448H7.4V148.9h92.88zM53.79 108.1C24.09 108.1 0 83.5 0 53.8a53.79 53.79 0 01107.58 0c0 29.7-24.1 54.3-53.79 54.3zM447.9 448h-92.68V302.4c0-34.7-.7-79.2-48.29-79.2-48.29 0-55.69 37.7-55.69 76.7V448h-92.78V148.9h89.08v40.8h1.3c12.4-23.5 42.69-48.3 87.88-48.3 94 0 111.28 61.9 111.28 142.3V448z\" fill=\"currentColor\"><\/path><\/svg><\/span><\/a>\n<\/div>\n\n<p><\/p>\n<\/div><div class=\"gb-container gb-container-8f96d839\">\n<div class=\"gb-container gb-container-b4ec6744\">\n<h3 class=\"gb-headline gb-headline-0e74c2e1 gb-headline-text\">Ten\u00e9s necesidad de realizar una consulta? No esperes m\u00e1s <\/h3>\n\n<a class=\"gb-button gb-button-e815eec3\" href=\"https:\/\/wa.me\/5493878225159\"><span class=\"gb-button-text\">CONTACTANOS <\/span><span class=\"gb-icon\"><svg aria-hidden=\"true\" role=\"img\" height=\"1em\" width=\"1em\" viewBox=\"0 0 448 512\" xmlns=\"http:\/\/www.w3.org\/2000\/svg\"><path fill=\"currentColor\" d=\"M380.9 97.1C339 55.1 283.2 32 223.9 32c-122.4 0-222 99.6-222 222 0 39.1 10.2 77.3 29.6 111L0 480l117.7-30.9c32.4 17.7 68.9 27 106.1 27h.1c122.3 0 224.1-99.6 224.1-222 0-59.3-25.2-115-67.1-157zm-157 341.6c-33.2 0-65.7-8.9-94-25.7l-6.7-4-69.8 18.3L72 359.2l-4.4-7c-18.5-29.4-28.2-63.3-28.2-98.2 0-101.7 82.8-184.5 184.6-184.5 49.3 0 95.6 19.2 130.4 54.1 34.8 34.9 56.2 81.2 56.1 130.5 0 101.8-84.9 184.6-186.6 184.6zm101.2-138.2c-5.5-2.8-32.8-16.2-37.9-18-5.1-1.9-8.8-2.8-12.5 2.8-3.7 5.6-14.3 18-17.6 21.8-3.2 3.7-6.5 4.2-12 1.4-32.6-16.3-54-29.1-75.5-66-5.7-9.8 5.7-9.1 16.3-30.3 1.8-3.7.9-6.9-.5-9.7-1.4-2.8-12.5-30.1-17.1-41.2-4.5-10.8-9.1-9.3-12.5-9.5-3.2-.2-6.9-.2-10.6-.2-3.7 0-9.7 1.4-14.8 6.9-5.1 5.6-19.4 19-19.4 46.3 0 27.3 19.9 53.7 22.6 57.4 2.8 3.7 39.1 59.7 94.8 83.8 35.2 15.2 49 16.5 66.6 13.9 10.7-1.6 32.8-13.4 37.4-26.4 4.6-13 4.6-24.1 3.2-26.4-1.3-2.5-5-3.9-10.5-6.6z\"><\/path><\/svg><\/span><\/a>\n<\/div>\n<\/div>","protected":false},"excerpt":{"rendered":"<p>Nuestro equipo En nuestro consultorio estamos comprometidos a proporcionar los mejores tratamientos y soluciones dermatol\u00f3gicas. Nuestra especialista en dermatologia trabaja de la mano con esteticistas y personal de apoyo, colaborando en conjunto para ofrecer resultados \u00fanicos. Valoramos la confianza y la relaci\u00f3n de largo plazo con nuestros pacientes, y nos esforzamos por superar sus expectativas &#8230; <\/p>\n<p class=\"read-more-container\"><a title=\"Nosotros\" class=\"read-more button\" href=\"https:\/\/depisegura.com\/index.php\/about\/#more-18053\" aria-label=\"More on Nosotros\">Read more<\/a><\/p>\n","protected":false},"author":1,"featured_media":0,"parent":0,"menu_order":0,"comment_status":"closed","ping_status":"closed","template":"","meta":{"footnotes":""},"class_list":{"0":"post-18053","1":"page","2":"type-page","3":"status-publish","5":"no-featured-image-padding"},"_links":{"self":[{"href":"https:\/\/depisegura.com\/index.php\/wp-json\/wp\/v2\/pages\/18053"}],"collection":[{"href":"https:\/\/depisegura.com\/index.php\/wp-json\/wp\/v2\/pages"}],"about":[{"href":"https:\/\/depisegura.com\/index.php\/wp-json\/wp\/v2\/types\/page"}],"author":[{"embeddable":true,"href":"https:\/\/depisegura.com\/index.php\/wp-json\/wp\/v2\/users\/1"}],"replies":[{"embeddable":true,"href":"https:\/\/depisegura.com\/index.php\/wp-json\/wp\/v2\/comments?post=18053"}],"version-history":[{"count":6,"href":"https:\/\/depisegura.com\/index.php\/wp-json\/wp\/v2\/pages\/18053\/revisions"}],"predecessor-version":[{"id":19428,"href":"https:\/\/depisegura.com\/index.php\/wp-json\/wp\/v2\/pages\/18053\/revisions\/19428"}],"wp:attachment":[{"href":"https:\/\/depisegura.com\/index.php\/wp-json\/wp\/v2\/media?parent=18053"}],"curies":[{"name":"wp","href":"https:\/\/api.w.org\/{rel}","templated":true}]}}